{"id":997,"date":"2020-06-27T18:29:32","date_gmt":"2020-06-27T16:29:32","guid":{"rendered":"https:\/\/hudicevec.si\/company-information\/"},"modified":"2025-05-06T12:43:17","modified_gmt":"2025-05-06T10:43:17","slug":"podatki-o-podjetju","status":"publish","type":"page","link":"https:\/\/hudicevec.si\/en\/podatki-o-podjetju\/","title":{"rendered":"Company information"},"content":{"rendered":"\t\t<div data-elementor-type=\"wp-page\" data-elementor-id=\"997\" class=\"elementor elementor-997 elementor-516\" data-elementor-post-type=\"page\">\n\t\t\t\t\t\t<section class=\"elementor-section elementor-top-section elementor-element elementor-element-aad6bdc elementor-section-boxed elementor-section-height-default elementor-section-height-default\" data-id=\"aad6bdc\" data-element_type=\"section\" data-e-type=\"section\" data-settings=\"{&quot;background_background&quot;:&quot;classic&quot;,&quot;background_motion_fx_motion_fx_scrolling&quot;:&quot;yes&quot;,&quot;background_motion_fx_translateY_effect&quot;:&quot;yes&quot;,&quot;background_motion_fx_translateY_speed&quot;:{&quot;unit&quot;:&quot;px&quot;,&quot;size&quot;:8,&quot;sizes&quot;:[]},&quot;background_motion_fx_translateY_affectedRange&quot;:{&quot;unit&quot;:&quot;%&quot;,&quot;size&quot;:&quot;&quot;,&quot;sizes&quot;:{&quot;start&quot;:0,&quot;end&quot;:100}},&quot;background_motion_fx_devices&quot;:[&quot;desktop&quot;,&quot;tablet&quot;,&quot;mobile&quot;]}\">\n\t\t\t\t\t\t\t<div class=\"elementor-background-overlay\"><\/div>\n\t\t\t\t\t\t\t<div class=\"elementor-container elementor-column-gap-default\">\n\t\t\t\t\t<div class=\"elementor-column elementor-col-100 elementor-top-column elementor-element elementor-element-ca7c41b\" data-id=\"ca7c41b\" data-element_type=\"column\" data-e-type=\"column\">\n\t\t\t<div class=\"elementor-widget-wrap elementor-element-populated\">\n\t\t\t\t\t\t\t<\/div>\n\t\t<\/div>\n\t\t\t\t\t<\/div>\n\t\t<\/section>\n\t\t\t\t<section class=\"elementor-section elementor-top-section elementor-element elementor-element-6178380 elementor-section-boxed elementor-section-height-default elementor-section-height-default\" data-id=\"6178380\" data-element_type=\"section\" data-e-type=\"section\">\n\t\t\t\t\t\t<div class=\"elementor-container elementor-column-gap-default\">\n\t\t\t\t\t<div class=\"elementor-column elementor-col-100 elementor-top-column elementor-element elementor-element-f7ad62e\" data-id=\"f7ad62e\" data-element_type=\"column\" data-e-type=\"column\">\n\t\t\t<div class=\"elementor-widget-wrap elementor-element-populated\">\n\t\t\t\t\t\t<div class=\"elementor-element elementor-element-2c69d7b elementor-widget elementor-widget-heading\" data-id=\"2c69d7b\" data-element_type=\"widget\" data-e-type=\"widget\" data-widget_type=\"heading.default\">\n\t\t\t\t<div class=\"elementor-widget-container\">\n\t\t\t\t\t<h3 class=\"elementor-heading-title elementor-size-default\">EcoTourism Hudi\u010devec, d.o.o.<\/h3>\t\t\t\t<\/div>\n\t\t\t\t<\/div>\n\t\t\t\t\t<\/div>\n\t\t<\/div>\n\t\t\t\t\t<\/div>\n\t\t<\/section>\n\t\t\t\t<section class=\"elementor-section elementor-top-section elementor-element elementor-element-131dd9d elementor-section-boxed elementor-section-height-default elementor-section-height-default\" data-id=\"131dd9d\" data-element_type=\"section\" data-e-type=\"section\">\n\t\t\t\t\t\t<div class=\"elementor-container elementor-column-gap-default\">\n\t\t\t\t\t<div class=\"elementor-column elementor-col-100 elementor-top-column elementor-element elementor-element-b6f1981\" data-id=\"b6f1981\" data-element_type=\"column\" data-e-type=\"column\">\n\t\t\t<div class=\"elementor-widget-wrap elementor-element-populated\">\n\t\t\t\t\t\t<div class=\"elementor-element elementor-element-23d017d elementor-widget-divider--view-line_icon elementor-view-default elementor-widget-divider--element-align-center elementor-widget elementor-widget-divider\" data-id=\"23d017d\" data-element_type=\"widget\" data-e-type=\"widget\" data-widget_type=\"divider.default\">\n\t\t\t\t<div class=\"elementor-widget-container\">\n\t\t\t\t\t\t\t<div class=\"elementor-divider\">\n\t\t\t<span class=\"elementor-divider-separator\">\n\t\t\t\t\t\t\t<div class=\"elementor-icon elementor-divider__element\">\n\t\t\t\t\t<i aria-hidden=\"true\" class=\"fas fa-info-circle\"><\/i><\/div>\n\t\t\t\t\t\t<\/span>\n\t\t<\/div>\n\t\t\t\t\t\t<\/div>\n\t\t\t\t<\/div>\n\t\t\t\t\t<\/div>\n\t\t<\/div>\n\t\t\t\t\t<\/div>\n\t\t<\/section>\n\t\t\t\t<section class=\"elementor-section elementor-top-section elementor-element elementor-element-3a89b83 elementor-section-boxed elementor-section-height-default elementor-section-height-default\" data-id=\"3a89b83\" data-element_type=\"section\" data-e-type=\"section\">\n\t\t\t\t\t\t<div class=\"elementor-container elementor-column-gap-default\">\n\t\t\t\t\t<div class=\"elementor-column elementor-col-50 elementor-top-column elementor-element elementor-element-055c3f2\" data-id=\"055c3f2\" data-element_type=\"column\" data-e-type=\"column\">\n\t\t\t<div class=\"elementor-widget-wrap elementor-element-populated\">\n\t\t\t\t\t\t<div class=\"elementor-element elementor-element-6262494 elementor-widget elementor-widget-text-editor\" data-id=\"6262494\" data-element_type=\"widget\" data-e-type=\"widget\" data-widget_type=\"text-editor.default\">\n\t\t\t\t<div class=\"elementor-widget-container\">\n\t\t\t\t\t\t\t\t\t<p>Razdrto 1<br>6225 Hru\u0161evje<br>Slovenia<\/p>\t\t\t\t\t\t\t\t<\/div>\n\t\t\t\t<\/div>\n\t\t\t\t\t<\/div>\n\t\t<\/div>\n\t\t\t\t<div class=\"elementor-column elementor-col-50 elementor-top-column elementor-element elementor-element-2bffc02\" data-id=\"2bffc02\" data-element_type=\"column\" data-e-type=\"column\">\n\t\t\t<div class=\"elementor-widget-wrap elementor-element-populated\">\n\t\t\t\t\t\t<div class=\"elementor-element elementor-element-c958fa0 elementor-widget elementor-widget-text-editor\" data-id=\"c958fa0\" data-element_type=\"widget\" data-e-type=\"widget\" data-widget_type=\"text-editor.default\">\n\t\t\t\t<div class=\"elementor-widget-container\">\n\t\t\t\t\t\t\t\t\t<p>GPS coordinates:<br>N 45.75740, E 14.08160<\/p>\t\t\t\t\t\t\t\t<\/div>\n\t\t\t\t<\/div>\n\t\t\t\t\t<\/div>\n\t\t<\/div>\n\t\t\t\t\t<\/div>\n\t\t<\/section>\n\t\t\t\t<section class=\"elementor-section elementor-top-section elementor-element elementor-element-aabdcec elementor-section-boxed elementor-section-height-default elementor-section-height-default\" data-id=\"aabdcec\" data-element_type=\"section\" data-e-type=\"section\">\n\t\t\t\t\t\t<div class=\"elementor-container elementor-column-gap-default\">\n\t\t\t\t\t<div class=\"elementor-column elementor-col-50 elementor-top-column elementor-element elementor-element-ea706ff\" data-id=\"ea706ff\" data-element_type=\"column\" data-e-type=\"column\">\n\t\t\t<div class=\"elementor-widget-wrap elementor-element-populated\">\n\t\t\t\t\t\t<div class=\"elementor-element elementor-element-03fc568 elementor-widget elementor-widget-text-editor\" data-id=\"03fc568\" data-element_type=\"widget\" data-e-type=\"widget\" data-widget_type=\"text-editor.default\">\n\t\t\t\t<div class=\"elementor-widget-container\">\n\t\t\t\t\t\t\t\t\t<p>Registration number: 9767355000<br><br>Tax number: 69066426<\/p>\t\t\t\t\t\t\t\t<\/div>\n\t\t\t\t<\/div>\n\t\t\t\t\t<\/div>\n\t\t<\/div>\n\t\t\t\t<div class=\"elementor-column elementor-col-50 elementor-top-column elementor-element elementor-element-56fe2d7\" data-id=\"56fe2d7\" data-element_type=\"column\" data-e-type=\"column\">\n\t\t\t<div class=\"elementor-widget-wrap elementor-element-populated\">\n\t\t\t\t\t\t<div class=\"elementor-element elementor-element-215738e elementor-widget elementor-widget-text-editor\" data-id=\"215738e\" data-element_type=\"widget\" data-e-type=\"widget\" data-widget_type=\"text-editor.default\">\n\t\t\t\t<div class=\"elementor-widget-container\">\n\t\t\t\t\t\t\t\t\t<p>IBAN: SI56 1910 0001 0450 252<br>SWIFT: SZKBSI2X<br>BANK: De\u017eelna Banka Slovenije, d.d.<\/p>\t\t\t\t\t\t\t\t<\/div>\n\t\t\t\t<\/div>\n\t\t\t\t\t<\/div>\n\t\t<\/div>\n\t\t\t\t\t<\/div>\n\t\t<\/section>\n\t\t\t\t<section class=\"elementor-section elementor-top-section elementor-element elementor-element-b6678b7 elementor-section-boxed elementor-section-height-default elementor-section-height-default\" data-id=\"b6678b7\" data-element_type=\"section\" data-e-type=\"section\">\n\t\t\t\t\t\t<div class=\"elementor-container elementor-column-gap-default\">\n\t\t\t\t\t<div class=\"elementor-column elementor-col-50 elementor-top-column elementor-element elementor-element-80f5263\" data-id=\"80f5263\" data-element_type=\"column\" data-e-type=\"column\">\n\t\t\t<div class=\"elementor-widget-wrap elementor-element-populated\">\n\t\t\t\t\t\t<div class=\"elementor-element elementor-element-b0430d0 elementor-widget elementor-widget-text-editor\" data-id=\"b0430d0\" data-element_type=\"widget\" data-e-type=\"widget\" data-widget_type=\"text-editor.default\">\n\t\t\t\t<div class=\"elementor-widget-container\">\n\t\t\t\t\t\t\t\t\t<p><strong>CONTACT:<\/strong><br>info@hudicevec.si<br>+386 (0) 31 390 203<\/p>\t\t\t\t\t\t\t\t<\/div>\n\t\t\t\t<\/div>\n\t\t\t\t\t<\/div>\n\t\t<\/div>\n\t\t\t\t<div class=\"elementor-column elementor-col-50 elementor-top-column elementor-element elementor-element-50a7c8c\" data-id=\"50a7c8c\" data-element_type=\"column\" data-e-type=\"column\">\n\t\t\t<div class=\"elementor-widget-wrap elementor-element-populated\">\n\t\t\t\t\t\t<div class=\"elementor-element elementor-element-960466e elementor-widget elementor-widget-text-editor\" data-id=\"960466e\" data-element_type=\"widget\" data-e-type=\"widget\" data-widget_type=\"text-editor.default\">\n\t\t\t\t<div class=\"elementor-widget-container\">\n\t\t\t\t\t\t\t\t\t<p><strong>SCHEDULE:<\/strong><br>Open by prior arrangement.<br>Valid for all days.<\/p>\t\t\t\t\t\t\t\t<\/div>\n\t\t\t\t<\/div>\n\t\t\t\t\t<\/div>\n\t\t<\/div>\n\t\t\t\t\t<\/div>\n\t\t<\/section>\n\t\t\t\t<section class=\"elementor-section elementor-top-section elementor-element elementor-element-e95c955 elementor-section-full_width elementor-section-height-default elementor-section-height-default\" data-id=\"e95c955\" data-element_type=\"section\" data-e-type=\"section\">\n\t\t\t\t\t\t<div class=\"elementor-container elementor-column-gap-default\">\n\t\t\t\t\t<div class=\"elementor-column elementor-col-100 elementor-top-column elementor-element elementor-element-c533b59\" data-id=\"c533b59\" data-element_type=\"column\" data-e-type=\"column\">\n\t\t\t<div class=\"elementor-widget-wrap elementor-element-populated\">\n\t\t\t\t\t\t<div class=\"elementor-element elementor-element-786c42a elementor-widget elementor-widget-google_maps\" data-id=\"786c42a\" data-element_type=\"widget\" data-e-type=\"widget\" data-widget_type=\"google_maps.default\">\n\t\t\t\t<div class=\"elementor-widget-container\">\n\t\t\t\t\t\t\t<div class=\"elementor-custom-embed\">\n\t\t\t<iframe loading=\"lazy\"\n\t\t\t\t\tsrc=\"https:\/\/maps.google.com\/maps?q=hudicevec&#038;t=m&#038;z=11&#038;output=embed&#038;iwloc=near\"\n\t\t\t\t\ttitle=\"hudicevec\"\n\t\t\t\t\taria-label=\"hudicevec\"\n\t\t\t><\/iframe>\n\t\t<\/div>\n\t\t\t\t\t\t<\/div>\n\t\t\t\t<\/div>\n\t\t\t\t\t<\/div>\n\t\t<\/div>\n\t\t\t\t\t<\/div>\n\t\t<\/section>\n\t\t\t\t<\/div>\n\t\t","protected":false},"excerpt":{"rendered":"<p>EcoTourism Hudi\u010devec, d.o.o. Razdrto 16225 Hru\u0161evjeSlovenia GPS coordinates:N 45.75740, E 14.08160 Registration number: 9767355000 Tax number: 69066426 IBAN: SI56 1910 0001 0450 252SWIFT: SZKBSI2XBANK: De\u017eelna Banka Slovenije, d.d. CONTACT:info@hudicevec.si+386 (0) 31 390 203 SCHEDULE:Open by prior arrangement.Valid for all days.<\/p>\n","protected":false},"author":1,"featured_media":0,"parent":0,"menu_order":0,"comment_status":"closed","ping_status":"closed","template":"elementor_header_footer","meta":{"_acf_changed":false,"footnotes":""},"class_list":["post-997","page","type-page","status-publish","hentry"],"acf":[],"yoast_head":"<!-- This site is optimized with the Yoast SEO plugin v24.8.1 - https:\/\/yoast.com\/wordpress\/plugins\/seo\/ -->\n<title>Company information - Hudi\u010devec<\/title>\n<meta name=\"robots\" content=\"index, follow, max-snippet:-1, max-image-preview:large, max-video-preview:-1\" \/>\n<link rel=\"canonical\" href=\"https:\/\/hudicevec.si\/en\/podatki-o-podjetju\/\" \/>\n<meta property=\"og:locale\" content=\"en_US\" \/>\n<meta property=\"og:type\" content=\"article\" \/>\n<meta property=\"og:title\" content=\"Company information - Hudi\u010devec\" \/>\n<meta property=\"og:description\" content=\"EcoTourism Hudi\u010devec, d.o.o. Razdrto 16225 Hru\u0161evjeSlovenia GPS coordinates:N 45.75740, E 14.08160 Registration number: 9767355000 Tax number: 69066426 IBAN: SI56 1910 0001 0450 252SWIFT: SZKBSI2XBANK: De\u017eelna Banka Slovenije, d.d. CONTACT:info@hudicevec.si+386 (0) 31 390 203 SCHEDULE:Open by prior arrangement.Valid for all days.\" \/>\n<meta property=\"og:url\" content=\"https:\/\/hudicevec.si\/en\/podatki-o-podjetju\/\" \/>\n<meta property=\"og:site_name\" content=\"Hudi\u010devec\" \/>\n<meta property=\"article:publisher\" content=\"https:\/\/www.facebook.com\/Hudicevec\/\" \/>\n<meta property=\"article:modified_time\" content=\"2025-05-06T10:43:17+00:00\" \/>\n<meta name=\"twitter:card\" content=\"summary_large_image\" \/>\n<script type=\"application\/ld+json\" class=\"yoast-schema-graph\">{\"@context\":\"https:\/\/schema.org\",\"@graph\":[{\"@type\":\"WebPage\",\"@id\":\"https:\/\/hudicevec.si\/en\/podatki-o-podjetju\/\",\"url\":\"https:\/\/hudicevec.si\/en\/podatki-o-podjetju\/\",\"name\":\"Company information - Hudi\u010devec\",\"isPartOf\":{\"@id\":\"https:\/\/hudicevec.si\/en\/#website\"},\"datePublished\":\"2020-06-27T16:29:32+00:00\",\"dateModified\":\"2025-05-06T10:43:17+00:00\",\"breadcrumb\":{\"@id\":\"https:\/\/hudicevec.si\/en\/podatki-o-podjetju\/#breadcrumb\"},\"inLanguage\":\"en-US\",\"potentialAction\":[{\"@type\":\"ReadAction\",\"target\":[\"https:\/\/hudicevec.si\/en\/podatki-o-podjetju\/\"]}]},{\"@type\":\"BreadcrumbList\",\"@id\":\"https:\/\/hudicevec.si\/en\/podatki-o-podjetju\/#breadcrumb\",\"itemListElement\":[{\"@type\":\"ListItem\",\"position\":1,\"name\":\"Home\",\"item\":\"https:\/\/hudicevec.si\/en\/\"},{\"@type\":\"ListItem\",\"position\":2,\"name\":\"Company information\"}]},{\"@type\":\"WebSite\",\"@id\":\"https:\/\/hudicevec.si\/en\/#website\",\"url\":\"https:\/\/hudicevec.si\/en\/\",\"name\":\"Ekoturizem Hudi\u010devec\",\"description\":\"Dobrodo\u0161li na EkoTurizmu Hudi\u010devec!\",\"publisher\":{\"@id\":\"https:\/\/hudicevec.si\/en\/#organization\"},\"potentialAction\":[{\"@type\":\"SearchAction\",\"target\":{\"@type\":\"EntryPoint\",\"urlTemplate\":\"https:\/\/hudicevec.si\/en\/?s={search_term_string}\"},\"query-input\":{\"@type\":\"PropertyValueSpecification\",\"valueRequired\":true,\"valueName\":\"search_term_string\"}}],\"inLanguage\":\"en-US\"},{\"@type\":\"Organization\",\"@id\":\"https:\/\/hudicevec.si\/en\/#organization\",\"name\":\"EkoTurizem Hudi\u010devec\",\"url\":\"https:\/\/hudicevec.si\/en\/\",\"logo\":{\"@type\":\"ImageObject\",\"inLanguage\":\"en-US\",\"@id\":\"https:\/\/hudicevec.si\/en\/#\/schema\/logo\/image\/\",\"url\":\"https:\/\/hudicevec.si\/wp-content\/uploads\/2020\/05\/Logo_landscape-600.png\",\"contentUrl\":\"https:\/\/hudicevec.si\/wp-content\/uploads\/2020\/05\/Logo_landscape-600.png\",\"width\":600,\"height\":133,\"caption\":\"EkoTurizem Hudi\u010devec\"},\"image\":{\"@id\":\"https:\/\/hudicevec.si\/en\/#\/schema\/logo\/image\/\"},\"sameAs\":[\"https:\/\/www.facebook.com\/Hudicevec\/\",\"https:\/\/www.instagram.com\/ekoturizem_hudicevec\/\"]}]}<\/script>\n<!-- \/ Yoast SEO plugin. -->","yoast_head_json":{"title":"Company information - Hudi\u010devec","robots":{"index":"index","follow":"follow","max-snippet":"max-snippet:-1","max-image-preview":"max-image-preview:large","max-video-preview":"max-video-preview:-1"},"canonical":"https:\/\/hudicevec.si\/en\/podatki-o-podjetju\/","og_locale":"en_US","og_type":"article","og_title":"Company information - Hudi\u010devec","og_description":"EcoTourism Hudi\u010devec, d.o.o. Razdrto 16225 Hru\u0161evjeSlovenia GPS coordinates:N 45.75740, E 14.08160 Registration number: 9767355000 Tax number: 69066426 IBAN: SI56 1910 0001 0450 252SWIFT: SZKBSI2XBANK: De\u017eelna Banka Slovenije, d.d. CONTACT:info@hudicevec.si+386 (0) 31 390 203 SCHEDULE:Open by prior arrangement.Valid for all days.","og_url":"https:\/\/hudicevec.si\/en\/podatki-o-podjetju\/","og_site_name":"Hudi\u010devec","article_publisher":"https:\/\/www.facebook.com\/Hudicevec\/","article_modified_time":"2025-05-06T10:43:17+00:00","twitter_card":"summary_large_image","schema":{"@context":"https:\/\/schema.org","@graph":[{"@type":"WebPage","@id":"https:\/\/hudicevec.si\/en\/podatki-o-podjetju\/","url":"https:\/\/hudicevec.si\/en\/podatki-o-podjetju\/","name":"Company information - Hudi\u010devec","isPartOf":{"@id":"https:\/\/hudicevec.si\/en\/#website"},"datePublished":"2020-06-27T16:29:32+00:00","dateModified":"2025-05-06T10:43:17+00:00","breadcrumb":{"@id":"https:\/\/hudicevec.si\/en\/podatki-o-podjetju\/#breadcrumb"},"inLanguage":"en-US","potentialAction":[{"@type":"ReadAction","target":["https:\/\/hudicevec.si\/en\/podatki-o-podjetju\/"]}]},{"@type":"BreadcrumbList","@id":"https:\/\/hudicevec.si\/en\/podatki-o-podjetju\/#breadcrumb","itemListElement":[{"@type":"ListItem","position":1,"name":"Home","item":"https:\/\/hudicevec.si\/en\/"},{"@type":"ListItem","position":2,"name":"Company information"}]},{"@type":"WebSite","@id":"https:\/\/hudicevec.si\/en\/#website","url":"https:\/\/hudicevec.si\/en\/","name":"Ekoturizem Hudi\u010devec","description":"Dobrodo\u0161li na EkoTurizmu Hudi\u010devec!","publisher":{"@id":"https:\/\/hudicevec.si\/en\/#organization"},"potentialAction":[{"@type":"SearchAction","target":{"@type":"EntryPoint","urlTemplate":"https:\/\/hudicevec.si\/en\/?s={search_term_string}"},"query-input":{"@type":"PropertyValueSpecification","valueRequired":true,"valueName":"search_term_string"}}],"inLanguage":"en-US"},{"@type":"Organization","@id":"https:\/\/hudicevec.si\/en\/#organization","name":"EkoTurizem Hudi\u010devec","url":"https:\/\/hudicevec.si\/en\/","logo":{"@type":"ImageObject","inLanguage":"en-US","@id":"https:\/\/hudicevec.si\/en\/#\/schema\/logo\/image\/","url":"https:\/\/hudicevec.si\/wp-content\/uploads\/2020\/05\/Logo_landscape-600.png","contentUrl":"https:\/\/hudicevec.si\/wp-content\/uploads\/2020\/05\/Logo_landscape-600.png","width":600,"height":133,"caption":"EkoTurizem Hudi\u010devec"},"image":{"@id":"https:\/\/hudicevec.si\/en\/#\/schema\/logo\/image\/"},"sameAs":["https:\/\/www.facebook.com\/Hudicevec\/","https:\/\/www.instagram.com\/ekoturizem_hudicevec\/"]}]}},"_links":{"self":[{"href":"https:\/\/hudicevec.si\/en\/wp-json\/wp\/v2\/pages\/997","targetHints":{"allow":["GET"]}}],"collection":[{"href":"https:\/\/hudicevec.si\/en\/wp-json\/wp\/v2\/pages"}],"about":[{"href":"https:\/\/hudicevec.si\/en\/wp-json\/wp\/v2\/types\/page"}],"author":[{"embeddable":true,"href":"https:\/\/hudicevec.si\/en\/wp-json\/wp\/v2\/users\/1"}],"replies":[{"embeddable":true,"href":"https:\/\/hudicevec.si\/en\/wp-json\/wp\/v2\/comments?post=997"}],"version-history":[{"count":4,"href":"https:\/\/hudicevec.si\/en\/wp-json\/wp\/v2\/pages\/997\/revisions"}],"predecessor-version":[{"id":2742,"href":"https:\/\/hudicevec.si\/en\/wp-json\/wp\/v2\/pages\/997\/revisions\/2742"}],"wp:attachment":[{"href":"https:\/\/hudicevec.si\/en\/wp-json\/wp\/v2\/media?parent=997"}],"curies":[{"name":"wp","href":"https:\/\/api.w.org\/{rel}","templated":true}]}}