{"id":989,"date":"2020-06-27T15:30:46","date_gmt":"2020-06-27T13:30:46","guid":{"rendered":"https:\/\/hudicevec.si\/activities\/activities-at-hudicevec\/"},"modified":"2026-03-06T11:40:30","modified_gmt":"2026-03-06T10:40:30","slug":"activities-at-hudicevec","status":"publish","type":"page","link":"https:\/\/hudicevec.si\/en\/activities\/activities-at-hudicevec\/","title":{"rendered":"Activities at Hudi\u010devec"},"content":{"rendered":"\t\t<div data-elementor-type=\"wp-page\" data-elementor-id=\"989\" class=\"elementor elementor-989 elementor-180\" data-elementor-post-type=\"page\">\n\t\t\t\t\t\t<section class=\"elementor-section elementor-top-section elementor-element elementor-element-4e6d660 elementor-section-boxed elementor-section-height-default elementor-section-height-default\" data-id=\"4e6d660\" data-element_type=\"section\" data-e-type=\"section\" data-settings=\"{&quot;background_background&quot;:&quot;classic&quot;}\">\n\t\t\t\t\t\t<div class=\"elementor-container elementor-column-gap-default\">\n\t\t\t\t\t<div class=\"elementor-column elementor-col-100 elementor-top-column elementor-element elementor-element-a659cc3\" data-id=\"a659cc3\" data-element_type=\"column\" data-e-type=\"column\">\n\t\t\t<div class=\"elementor-widget-wrap elementor-element-populated\">\n\t\t\t\t\t\t<div class=\"elementor-element elementor-element-1238904 elementor-widget elementor-widget-text-editor\" data-id=\"1238904\" data-element_type=\"widget\" data-e-type=\"widget\" data-widget_type=\"text-editor.default\">\n\t\t\t\t<div class=\"elementor-widget-container\">\n\t\t\t\t\t\t\t\t\t<p>At Hudi\u010devec, we offer a wide range of activities suitable for all ages.<\/p>\n\t\t\t\t\t\t\t\t<\/div>\n\t\t\t\t<\/div>\n\t\t\t\t\t<\/div>\n\t\t<\/div>\n\t\t\t\t\t<\/div>\n\t\t<\/section>\n\t\t\t\t<section class=\"elementor-section elementor-top-section elementor-element elementor-element-0f22acc elementor-section-boxed elementor-section-height-default elementor-section-height-default\" data-id=\"0f22acc\" data-element_type=\"section\" data-e-type=\"section\">\n\t\t\t\t\t\t<div class=\"elementor-container elementor-column-gap-default\">\n\t\t\t\t\t<div class=\"elementor-column elementor-col-100 elementor-top-column elementor-element elementor-element-1ae7f14\" data-id=\"1ae7f14\" data-element_type=\"column\" data-e-type=\"column\">\n\t\t\t<div class=\"elementor-widget-wrap elementor-element-populated\">\n\t\t\t\t\t\t<div class=\"elementor-element elementor-element-1c8aa85 elementor-cta--skin-cover elementor-cta--valign-bottom elementor-animated-content elementor-bg-transform elementor-bg-transform-zoom-in elementor-widget elementor-widget-call-to-action\" data-id=\"1c8aa85\" data-element_type=\"widget\" data-e-type=\"widget\" data-widget_type=\"call-to-action.default\">\n\t\t\t\t<div class=\"elementor-widget-container\">\n\t\t\t\t\t\t\t<a class=\"elementor-cta\" href=\"https:\/\/hudicevec.si\/kontakt\/\">\n\t\t\t\t\t<div class=\"elementor-cta__bg-wrapper\">\n\t\t\t\t<div class=\"elementor-cta__bg elementor-bg\" style=\"background-image: url(https:\/\/hudicevec.si\/wp-content\/uploads\/2020\/05\/jahanje-e1590669748231.png);\" role=\"img\" aria-label=\"Jahanje Hudicevec\"><\/div>\n\t\t\t\t<div class=\"elementor-cta__bg-overlay\"><\/div>\n\t\t\t<\/div>\n\t\t\t\t\t\t\t<div class=\"elementor-cta__content\">\n\t\t\t\t\n\t\t\t\t\t\t\t\t\t<h2 class=\"elementor-cta__title elementor-cta__content-item elementor-content-item elementor-animated-item--grow\">\n\t\t\t\t\t\tHorse riding\t\t\t\t\t<\/h2>\n\t\t\t\t\n\t\t\t\t\t\t\t\t\t<div class=\"elementor-cta__description elementor-cta__content-item elementor-content-item elementor-animated-item--grow\">\n\t\t\t\t\t\t<p>A short ride or a longer unforgettable adventure on horseback?<\/p>\n\t\t\t\t\t<\/div>\n\t\t\t\t\n\t\t\t\t\t\t\t\t\t<div class=\"elementor-cta__button-wrapper elementor-cta__content-item elementor-content-item elementor-animated-item--grow\">\n\t\t\t\t\t<span class=\"elementor-cta__button elementor-button elementor-size-md\">\n\t\t\t\t\t\tI'm interested <i class=\"fas fa-arrow-right\"><\/i>\t\t\t\t\t<\/span>\n\t\t\t\t\t<\/div>\n\t\t\t\t\t\t\t<\/div>\n\t\t\t\t\t\t\t<div class=\"elementor-ribbon elementor-ribbon-left\">\n\t\t\t\t<div class=\"elementor-ribbon-inner\">RECOMMENDED<\/div>\n\t\t\t<\/div>\n\t\t\t\t<\/a>\n\t\t\t\t\t\t<\/div>\n\t\t\t\t<\/div>\n\t\t\t\t\t<\/div>\n\t\t<\/div>\n\t\t\t\t\t<\/div>\n\t\t<\/section>\n\t\t\t\t<section class=\"elementor-section elementor-top-section elementor-element elementor-element-7be68fb elementor-section-full_width elementor-section-content-middle elementor-reverse-tablet elementor-section-height-default elementor-section-height-default\" data-id=\"7be68fb\" data-element_type=\"section\" data-e-type=\"section\">\n\t\t\t\t\t\t<div class=\"elementor-container elementor-column-gap-default\">\n\t\t\t\t\t<div class=\"elementor-column elementor-col-50 elementor-top-column elementor-element elementor-element-4c74cb7\" data-id=\"4c74cb7\" data-element_type=\"column\" data-e-type=\"column\" data-settings=\"{&quot;background_background&quot;:&quot;classic&quot;}\">\n\t\t\t<div class=\"elementor-widget-wrap elementor-element-populated\">\n\t\t\t\t\t\t<div class=\"elementor-element elementor-element-9287e74 elementor-widget elementor-widget-spacer\" data-id=\"9287e74\" data-element_type=\"widget\" data-e-type=\"widget\" data-widget_type=\"spacer.default\">\n\t\t\t\t<div class=\"elementor-widget-container\">\n\t\t\t\t\t\t\t<div class=\"elementor-spacer\">\n\t\t\t<div class=\"elementor-spacer-inner\"><\/div>\n\t\t<\/div>\n\t\t\t\t\t\t<\/div>\n\t\t\t\t<\/div>\n\t\t\t\t\t<\/div>\n\t\t<\/div>\n\t\t\t\t<div class=\"elementor-column elementor-col-50 elementor-top-column elementor-element elementor-element-c12a823\" data-id=\"c12a823\" data-element_type=\"column\" data-e-type=\"column\" data-settings=\"{&quot;background_background&quot;:&quot;classic&quot;}\">\n\t\t\t<div class=\"elementor-widget-wrap elementor-element-populated\">\n\t\t\t\t\t\t<div class=\"elementor-element elementor-element-d069810 elementor-widget elementor-widget-heading\" data-id=\"d069810\" data-element_type=\"widget\" data-e-type=\"widget\" data-widget_type=\"heading.default\">\n\t\t\t\t<div class=\"elementor-widget-container\">\n\t\t\t\t\t<h2 class=\"elementor-heading-title elementor-size-default\">Recreational facilities<\/h2>\t\t\t\t<\/div>\n\t\t\t\t<\/div>\n\t\t\t\t<div class=\"elementor-element elementor-element-06f49c2 elementor-widget elementor-widget-text-editor\" data-id=\"06f49c2\" data-element_type=\"widget\" data-e-type=\"widget\" data-widget_type=\"text-editor.default\">\n\t\t\t\t<div class=\"elementor-widget-container\">\n\t\t\t\t\t\t\t\t\t<p>Guests can use our outdoor volleyball, football, basketball and boules courts, a children\u2019s playground, a climbing wall and trampolines, which are also available in the evening because we have outdoor lighting.<\/p>\n<p>Indoors, guests can relax in a Finnish sauna, train on our fitness gear or socialise in the game room.<\/p>\n\t\t\t\t\t\t\t\t<\/div>\n\t\t\t\t<\/div>\n\t\t\t\t\t<\/div>\n\t\t<\/div>\n\t\t\t\t\t<\/div>\n\t\t<\/section>\n\t\t\t\t<section class=\"elementor-section elementor-top-section elementor-element elementor-element-33a553c elementor-section-full_width elementor-section-content-middle elementor-reverse-mobile elementor-section-height-default elementor-section-height-default\" data-id=\"33a553c\" data-element_type=\"section\" data-e-type=\"section\">\n\t\t\t\t\t\t<div class=\"elementor-container elementor-column-gap-default\">\n\t\t\t\t\t<div class=\"elementor-column elementor-col-50 elementor-top-column elementor-element elementor-element-cf8f685\" data-id=\"cf8f685\" data-element_type=\"column\" data-e-type=\"column\" data-settings=\"{&quot;background_background&quot;:&quot;classic&quot;}\">\n\t\t\t<div class=\"elementor-widget-wrap elementor-element-populated\">\n\t\t\t\t\t\t<div class=\"elementor-element elementor-element-5667ab5 elementor-widget elementor-widget-heading\" data-id=\"5667ab5\" data-element_type=\"widget\" data-e-type=\"widget\" data-widget_type=\"heading.default\">\n\t\t\t\t<div class=\"elementor-widget-container\">\n\t\t\t\t\t<h2 class=\"elementor-heading-title elementor-size-default\">See the animals<\/h2>\t\t\t\t<\/div>\n\t\t\t\t<\/div>\n\t\t\t\t<div class=\"elementor-element elementor-element-288f036 elementor-widget elementor-widget-text-editor\" data-id=\"288f036\" data-element_type=\"widget\" data-e-type=\"widget\" data-widget_type=\"text-editor.default\">\n\t\t\t\t<div class=\"elementor-widget-container\">\n\t\t\t\t\t\t\t\t\t<p>With a short stroll in the pastures around the farm, you can see the horses, cattle, donkeys, goats and sheep under the watchful eye of our three shepherd dogs. If you wish to take a tour of the farm to see the animals, please inform the farm staff.<\/p>\n\t\t\t\t\t\t\t\t<\/div>\n\t\t\t\t<\/div>\n\t\t\t\t\t<\/div>\n\t\t<\/div>\n\t\t\t\t<div class=\"elementor-column elementor-col-50 elementor-top-column elementor-element elementor-element-dc63c74\" data-id=\"dc63c74\" data-element_type=\"column\" data-e-type=\"column\" data-settings=\"{&quot;background_background&quot;:&quot;classic&quot;}\">\n\t\t\t<div class=\"elementor-widget-wrap elementor-element-populated\">\n\t\t\t\t\t\t<div class=\"elementor-element elementor-element-21d3c3a elementor-widget elementor-widget-spacer\" data-id=\"21d3c3a\" data-element_type=\"widget\" data-e-type=\"widget\" data-widget_type=\"spacer.default\">\n\t\t\t\t<div class=\"elementor-widget-container\">\n\t\t\t\t\t\t\t<div class=\"elementor-spacer\">\n\t\t\t<div class=\"elementor-spacer-inner\"><\/div>\n\t\t<\/div>\n\t\t\t\t\t\t<\/div>\n\t\t\t\t<\/div>\n\t\t\t\t\t<\/div>\n\t\t<\/div>\n\t\t\t\t\t<\/div>\n\t\t<\/section>\n\t\t\t\t<section class=\"elementor-section elementor-top-section elementor-element elementor-element-0ab4a9e elementor-section-full_width elementor-section-content-middle elementor-reverse-tablet elementor-section-height-default elementor-section-height-default\" data-id=\"0ab4a9e\" data-element_type=\"section\" data-e-type=\"section\">\n\t\t\t\t\t\t<div class=\"elementor-container elementor-column-gap-default\">\n\t\t\t\t\t<div class=\"elementor-column elementor-col-50 elementor-top-column elementor-element elementor-element-861daea\" data-id=\"861daea\" data-element_type=\"column\" data-e-type=\"column\" data-settings=\"{&quot;background_background&quot;:&quot;classic&quot;}\">\n\t\t\t<div class=\"elementor-widget-wrap elementor-element-populated\">\n\t\t\t\t\t\t<div class=\"elementor-element elementor-element-ea4ac2c elementor-widget elementor-widget-spacer\" data-id=\"ea4ac2c\" data-element_type=\"widget\" data-e-type=\"widget\" data-widget_type=\"spacer.default\">\n\t\t\t\t<div class=\"elementor-widget-container\">\n\t\t\t\t\t\t\t<div class=\"elementor-spacer\">\n\t\t\t<div class=\"elementor-spacer-inner\"><\/div>\n\t\t<\/div>\n\t\t\t\t\t\t<\/div>\n\t\t\t\t<\/div>\n\t\t\t\t\t<\/div>\n\t\t<\/div>\n\t\t\t\t<div class=\"elementor-column elementor-col-50 elementor-top-column elementor-element elementor-element-1ab212e\" data-id=\"1ab212e\" data-element_type=\"column\" data-e-type=\"column\" data-settings=\"{&quot;background_background&quot;:&quot;classic&quot;}\">\n\t\t\t<div class=\"elementor-widget-wrap elementor-element-populated\">\n\t\t\t\t\t\t<div class=\"elementor-element elementor-element-1e23b7d elementor-widget elementor-widget-heading\" data-id=\"1e23b7d\" data-element_type=\"widget\" data-e-type=\"widget\" data-widget_type=\"heading.default\">\n\t\t\t\t<div class=\"elementor-widget-container\">\n\t\t\t\t\t<h2 class=\"elementor-heading-title elementor-size-default\">Walks in the nature<\/h2>\t\t\t\t<\/div>\n\t\t\t\t<\/div>\n\t\t\t\t<div class=\"elementor-element elementor-element-a9e3d95 elementor-widget elementor-widget-text-editor\" data-id=\"a9e3d95\" data-element_type=\"widget\" data-e-type=\"widget\" data-widget_type=\"text-editor.default\">\n\t\t\t\t<div class=\"elementor-widget-container\">\n\t\t\t\t\t\t\t\t\t<p>The surroundings of the farm are full of forest trails and paths. The paths are suitable for both short and long walks in the nature, morning jogs or enjoying the many lookout points.<\/p>\t\t\t\t\t\t\t\t<\/div>\n\t\t\t\t<\/div>\n\t\t\t\t\t<\/div>\n\t\t<\/div>\n\t\t\t\t\t<\/div>\n\t\t<\/section>\n\t\t\t\t<section class=\"elementor-section elementor-top-section elementor-element elementor-element-4ab95e8 elementor-section-boxed elementor-section-height-default elementor-section-height-default\" data-id=\"4ab95e8\" data-element_type=\"section\" data-e-type=\"section\" data-settings=\"{&quot;background_background&quot;:&quot;classic&quot;}\">\n\t\t\t\t\t\t<div class=\"elementor-container elementor-column-gap-default\">\n\t\t\t\t\t<div class=\"elementor-column elementor-col-100 elementor-top-column elementor-element elementor-element-ac933b7\" data-id=\"ac933b7\" data-element_type=\"column\" data-e-type=\"column\">\n\t\t\t<div class=\"elementor-widget-wrap elementor-element-populated\">\n\t\t\t\t\t\t<div class=\"elementor-element elementor-element-48a0335 elementor-widget elementor-widget-heading\" data-id=\"48a0335\" data-element_type=\"widget\" data-e-type=\"widget\" data-widget_type=\"heading.default\">\n\t\t\t\t<div class=\"elementor-widget-container\">\n\t\t\t\t\t<h2 class=\"elementor-heading-title elementor-size-default\">You may also wish to take a look at ...<\/h2>\t\t\t\t<\/div>\n\t\t\t\t<\/div>\n\t\t\t\t<div class=\"elementor-element elementor-element-b7e5e8a elementor-widget elementor-widget-text-editor\" data-id=\"b7e5e8a\" data-element_type=\"widget\" data-e-type=\"widget\" data-widget_type=\"text-editor.default\">\n\t\t\t\t<div class=\"elementor-widget-container\">\n\t\t\t\t\t\t\t\t\t<p><span style=\"white-space: pre-wrap;\">\/\/ Similar content that might interest you<\/span><\/p>\n\t\t\t\t\t\t\t\t<\/div>\n\t\t\t\t<\/div>\n\t\t\t\t\t<\/div>\n\t\t<\/div>\n\t\t\t\t\t<\/div>\n\t\t<\/section>\n\t\t\t\t<section class=\"elementor-section elementor-top-section elementor-element elementor-element-ef4ce05 elementor-section-boxed elementor-section-height-default elementor-section-height-default\" data-id=\"ef4ce05\" data-element_type=\"section\" data-e-type=\"section\" data-settings=\"{&quot;background_background&quot;:&quot;classic&quot;}\">\n\t\t\t\t\t\t<div class=\"elementor-container elementor-column-gap-default\">\n\t\t\t\t\t<div class=\"elementor-column elementor-col-100 elementor-top-column elementor-element elementor-element-04c7bed\" data-id=\"04c7bed\" data-element_type=\"column\" data-e-type=\"column\">\n\t\t\t<div class=\"elementor-widget-wrap elementor-element-populated\">\n\t\t\t\t\t\t<div class=\"elementor-element elementor-element-fd74732 elementor-flip-box--effect-fade elementor-widget elementor-widget-flip-box\" data-id=\"fd74732\" data-element_type=\"widget\" data-e-type=\"widget\" data-widget_type=\"flip-box.default\">\n\t\t\t\t<div class=\"elementor-widget-container\">\n\t\t\t\t\t\t\t<div class=\"elementor-flip-box\" tabindex=\"0\">\n\t\t\t<div class=\"elementor-flip-box__layer elementor-flip-box__front\">\n\t\t\t\t<div class=\"elementor-flip-box__layer__overlay\">\n\t\t\t\t\t<div class=\"elementor-flip-box__layer__inner\">\n\t\t\t\t\t\t\n\t\t\t\t\t\t\t\t\t\t\t\t\t<h3 class=\"elementor-flip-box__layer__title\">\n\t\t\t\t\t\t\t\tActivities near Hudi\u010devec\t\t\t\t\t\t\t<\/h3>\n\t\t\t\t\t\t\n\t\t\t\t\t\t\t\t\t\t\t<\/div>\n\t\t\t\t<\/div>\n\t\t\t<\/div>\n\t\t\t<a class=\"elementor-flip-box__layer elementor-flip-box__back\" href=\"https:\/\/hudicevec.si\/aktivnosti\/aktivnosti-v-okolici\/\">\n\t\t\t<div class=\"elementor-flip-box__layer__overlay\">\n\t\t\t\t<div class=\"elementor-flip-box__layer__inner\">\n\t\t\t\t\t\t\t\t\t\t\t<h3 class=\"elementor-flip-box__layer__title\">\n\t\t\t\t\t\t\tActivities near Hudi\u010devec\t\t\t\t\t\t<\/h3>\n\t\t\t\t\t\n\t\t\t\t\t\t\t\t\t\t\t<div class=\"elementor-flip-box__layer__description\">\n\t\t\t\t\t\t\tBecause of our excellent location, you can visit countless natural beauties around Slovenia in less than an hour's drive.\t\t\t\t\t\t<\/div>\n\t\t\t\t\t\n\t\t\t\t\t\t\t\t\t\t\t<span class=\"elementor-flip-box__button elementor-button elementor-size-sm\">\n\t\t\t\t\t\t\tREAD MORE\t\t\t\t\t\t<\/span>\n\t\t\t\t\t\t\t\t<\/div>\n\t\t<\/div>\n\t\t<\/a>\n\t\t<\/div>\n\t\t\t\t\t\t<\/div>\n\t\t\t\t<\/div>\n\t\t\t\t\t<\/div>\n\t\t<\/div>\n\t\t\t\t\t<\/div>\n\t\t<\/section>\n\t\t\t\t<\/div>\n\t\t","protected":false},"excerpt":{"rendered":"<p>At Hudi\u010devec, we offer a wide range of activities suitable for all ages. Horse riding A short ride or a longer unforgettable adventure on horseback? I&#8217;m interested RECOMMENDED Recreational facilities Guests can use our outdoor volleyball, football, basketball and boules courts, a children\u2019s playground, a climbing wall and trampolines, which are also available in the [&hellip;]<\/p>\n","protected":false},"author":1,"featured_media":0,"parent":979,"menu_order":0,"comment_status":"closed","ping_status":"closed","template":"elementor_header_footer","meta":{"_acf_changed":false,"footnotes":""},"class_list":["post-989","page","type-page","status-publish","hentry"],"acf":[],"yoast_head":"<!-- This site is optimized with the Yoast SEO plugin v24.8.1 - https:\/\/yoast.com\/wordpress\/plugins\/seo\/ -->\n<title>Activities at Hudi\u010devec - Hudi\u010devec<\/title>\n<meta name=\"robots\" content=\"index, follow, max-snippet:-1, max-image-preview:large, max-video-preview:-1\" \/>\n<link rel=\"canonical\" href=\"https:\/\/hudicevec.si\/en\/activities\/activities-at-hudicevec\/\" \/>\n<meta property=\"og:locale\" content=\"en_US\" \/>\n<meta property=\"og:type\" content=\"article\" \/>\n<meta property=\"og:title\" content=\"Activities at Hudi\u010devec - Hudi\u010devec\" \/>\n<meta property=\"og:description\" content=\"At Hudi\u010devec, we offer a wide range of activities suitable for all ages. Horse riding A short ride or a longer unforgettable adventure on horseback? I&#8217;m interested RECOMMENDED Recreational facilities Guests can use our outdoor volleyball, football, basketball and boules courts, a children\u2019s playground, a climbing wall and trampolines, which are also available in the [&hellip;]\" \/>\n<meta property=\"og:url\" content=\"https:\/\/hudicevec.si\/en\/activities\/activities-at-hudicevec\/\" \/>\n<meta property=\"og:site_name\" content=\"Hudi\u010devec\" \/>\n<meta property=\"article:publisher\" content=\"https:\/\/www.facebook.com\/Hudicevec\/\" \/>\n<meta property=\"article:modified_time\" content=\"2026-03-06T10:40:30+00:00\" \/>\n<meta name=\"twitter:card\" content=\"summary_large_image\" \/>\n<meta name=\"twitter:label1\" content=\"Est. reading time\" \/>\n\t<meta name=\"twitter:data1\" content=\"1 minute\" \/>\n<script type=\"application\/ld+json\" class=\"yoast-schema-graph\">{\"@context\":\"https:\/\/schema.org\",\"@graph\":[{\"@type\":\"WebPage\",\"@id\":\"https:\/\/hudicevec.si\/en\/activities\/activities-at-hudicevec\/\",\"url\":\"https:\/\/hudicevec.si\/en\/activities\/activities-at-hudicevec\/\",\"name\":\"Activities at Hudi\u010devec - Hudi\u010devec\",\"isPartOf\":{\"@id\":\"https:\/\/hudicevec.si\/en\/#website\"},\"datePublished\":\"2020-06-27T13:30:46+00:00\",\"dateModified\":\"2026-03-06T10:40:30+00:00\",\"breadcrumb\":{\"@id\":\"https:\/\/hudicevec.si\/en\/activities\/activities-at-hudicevec\/#breadcrumb\"},\"inLanguage\":\"en-US\",\"potentialAction\":[{\"@type\":\"ReadAction\",\"target\":[\"https:\/\/hudicevec.si\/en\/activities\/activities-at-hudicevec\/\"]}]},{\"@type\":\"BreadcrumbList\",\"@id\":\"https:\/\/hudicevec.si\/en\/activities\/activities-at-hudicevec\/#breadcrumb\",\"itemListElement\":[{\"@type\":\"ListItem\",\"position\":1,\"name\":\"Home\",\"item\":\"https:\/\/hudicevec.si\/en\/\"},{\"@type\":\"ListItem\",\"position\":2,\"name\":\"Activities\",\"item\":\"https:\/\/hudicevec.si\/en\/activities\/\"},{\"@type\":\"ListItem\",\"position\":3,\"name\":\"Activities at Hudi\u010devec\"}]},{\"@type\":\"WebSite\",\"@id\":\"https:\/\/hudicevec.si\/en\/#website\",\"url\":\"https:\/\/hudicevec.si\/en\/\",\"name\":\"Ekoturizem Hudi\u010devec\",\"description\":\"Dobrodo\u0161li na EkoTurizmu Hudi\u010devec!\",\"publisher\":{\"@id\":\"https:\/\/hudicevec.si\/en\/#organization\"},\"potentialAction\":[{\"@type\":\"SearchAction\",\"target\":{\"@type\":\"EntryPoint\",\"urlTemplate\":\"https:\/\/hudicevec.si\/en\/?s={search_term_string}\"},\"query-input\":{\"@type\":\"PropertyValueSpecification\",\"valueRequired\":true,\"valueName\":\"search_term_string\"}}],\"inLanguage\":\"en-US\"},{\"@type\":\"Organization\",\"@id\":\"https:\/\/hudicevec.si\/en\/#organization\",\"name\":\"EkoTurizem Hudi\u010devec\",\"url\":\"https:\/\/hudicevec.si\/en\/\",\"logo\":{\"@type\":\"ImageObject\",\"inLanguage\":\"en-US\",\"@id\":\"https:\/\/hudicevec.si\/en\/#\/schema\/logo\/image\/\",\"url\":\"https:\/\/hudicevec.si\/wp-content\/uploads\/2020\/05\/Logo_landscape-600.png\",\"contentUrl\":\"https:\/\/hudicevec.si\/wp-content\/uploads\/2020\/05\/Logo_landscape-600.png\",\"width\":600,\"height\":133,\"caption\":\"EkoTurizem Hudi\u010devec\"},\"image\":{\"@id\":\"https:\/\/hudicevec.si\/en\/#\/schema\/logo\/image\/\"},\"sameAs\":[\"https:\/\/www.facebook.com\/Hudicevec\/\",\"https:\/\/www.instagram.com\/ekoturizem_hudicevec\/\"]}]}<\/script>\n<!-- \/ Yoast SEO plugin. -->","yoast_head_json":{"title":"Activities at Hudi\u010devec - Hudi\u010devec","robots":{"index":"index","follow":"follow","max-snippet":"max-snippet:-1","max-image-preview":"max-image-preview:large","max-video-preview":"max-video-preview:-1"},"canonical":"https:\/\/hudicevec.si\/en\/activities\/activities-at-hudicevec\/","og_locale":"en_US","og_type":"article","og_title":"Activities at Hudi\u010devec - Hudi\u010devec","og_description":"At Hudi\u010devec, we offer a wide range of activities suitable for all ages. Horse riding A short ride or a longer unforgettable adventure on horseback? I&#8217;m interested RECOMMENDED Recreational facilities Guests can use our outdoor volleyball, football, basketball and boules courts, a children\u2019s playground, a climbing wall and trampolines, which are also available in the [&hellip;]","og_url":"https:\/\/hudicevec.si\/en\/activities\/activities-at-hudicevec\/","og_site_name":"Hudi\u010devec","article_publisher":"https:\/\/www.facebook.com\/Hudicevec\/","article_modified_time":"2026-03-06T10:40:30+00:00","twitter_card":"summary_large_image","twitter_misc":{"Est. reading time":"1 minute"},"schema":{"@context":"https:\/\/schema.org","@graph":[{"@type":"WebPage","@id":"https:\/\/hudicevec.si\/en\/activities\/activities-at-hudicevec\/","url":"https:\/\/hudicevec.si\/en\/activities\/activities-at-hudicevec\/","name":"Activities at Hudi\u010devec - Hudi\u010devec","isPartOf":{"@id":"https:\/\/hudicevec.si\/en\/#website"},"datePublished":"2020-06-27T13:30:46+00:00","dateModified":"2026-03-06T10:40:30+00:00","breadcrumb":{"@id":"https:\/\/hudicevec.si\/en\/activities\/activities-at-hudicevec\/#breadcrumb"},"inLanguage":"en-US","potentialAction":[{"@type":"ReadAction","target":["https:\/\/hudicevec.si\/en\/activities\/activities-at-hudicevec\/"]}]},{"@type":"BreadcrumbList","@id":"https:\/\/hudicevec.si\/en\/activities\/activities-at-hudicevec\/#breadcrumb","itemListElement":[{"@type":"ListItem","position":1,"name":"Home","item":"https:\/\/hudicevec.si\/en\/"},{"@type":"ListItem","position":2,"name":"Activities","item":"https:\/\/hudicevec.si\/en\/activities\/"},{"@type":"ListItem","position":3,"name":"Activities at Hudi\u010devec"}]},{"@type":"WebSite","@id":"https:\/\/hudicevec.si\/en\/#website","url":"https:\/\/hudicevec.si\/en\/","name":"Ekoturizem Hudi\u010devec","description":"Dobrodo\u0161li na EkoTurizmu Hudi\u010devec!","publisher":{"@id":"https:\/\/hudicevec.si\/en\/#organization"},"potentialAction":[{"@type":"SearchAction","target":{"@type":"EntryPoint","urlTemplate":"https:\/\/hudicevec.si\/en\/?s={search_term_string}"},"query-input":{"@type":"PropertyValueSpecification","valueRequired":true,"valueName":"search_term_string"}}],"inLanguage":"en-US"},{"@type":"Organization","@id":"https:\/\/hudicevec.si\/en\/#organization","name":"EkoTurizem Hudi\u010devec","url":"https:\/\/hudicevec.si\/en\/","logo":{"@type":"ImageObject","inLanguage":"en-US","@id":"https:\/\/hudicevec.si\/en\/#\/schema\/logo\/image\/","url":"https:\/\/hudicevec.si\/wp-content\/uploads\/2020\/05\/Logo_landscape-600.png","contentUrl":"https:\/\/hudicevec.si\/wp-content\/uploads\/2020\/05\/Logo_landscape-600.png","width":600,"height":133,"caption":"EkoTurizem Hudi\u010devec"},"image":{"@id":"https:\/\/hudicevec.si\/en\/#\/schema\/logo\/image\/"},"sameAs":["https:\/\/www.facebook.com\/Hudicevec\/","https:\/\/www.instagram.com\/ekoturizem_hudicevec\/"]}]}},"_links":{"self":[{"href":"https:\/\/hudicevec.si\/en\/wp-json\/wp\/v2\/pages\/989","targetHints":{"allow":["GET"]}}],"collection":[{"href":"https:\/\/hudicevec.si\/en\/wp-json\/wp\/v2\/pages"}],"about":[{"href":"https:\/\/hudicevec.si\/en\/wp-json\/wp\/v2\/types\/page"}],"author":[{"embeddable":true,"href":"https:\/\/hudicevec.si\/en\/wp-json\/wp\/v2\/users\/1"}],"replies":[{"embeddable":true,"href":"https:\/\/hudicevec.si\/en\/wp-json\/wp\/v2\/comments?post=989"}],"version-history":[{"count":6,"href":"https:\/\/hudicevec.si\/en\/wp-json\/wp\/v2\/pages\/989\/revisions"}],"predecessor-version":[{"id":3301,"href":"https:\/\/hudicevec.si\/en\/wp-json\/wp\/v2\/pages\/989\/revisions\/3301"}],"up":[{"embeddable":true,"href":"https:\/\/hudicevec.si\/en\/wp-json\/wp\/v2\/pages\/979"}],"wp:attachment":[{"href":"https:\/\/hudicevec.si\/en\/wp-json\/wp\/v2\/media?parent=989"}],"curies":[{"name":"wp","href":"https:\/\/api.w.org\/{rel}","templated":true}]}}