{"id":976,"date":"2020-06-27T14:05:29","date_gmt":"2020-06-27T12:05:29","guid":{"rendered":"https:\/\/hudicevec.si\/gastronomy\/"},"modified":"2026-03-13T12:18:51","modified_gmt":"2026-03-13T11:18:51","slug":"gastronomy","status":"publish","type":"page","link":"https:\/\/hudicevec.si\/en\/gastronomy\/","title":{"rendered":"Gastronomy"},"content":{"rendered":"\t\t<div data-elementor-type=\"wp-page\" data-elementor-id=\"976\" class=\"elementor elementor-976 elementor-106\" data-elementor-post-type=\"page\">\n\t\t\t\t\t\t<section class=\"elementor-section elementor-top-section elementor-element elementor-element-bd32fab elementor-section-boxed elementor-section-height-default elementor-section-height-default\" data-id=\"bd32fab\" data-element_type=\"section\" data-e-type=\"section\" data-settings=\"{&quot;background_background&quot;:&quot;classic&quot;}\">\n\t\t\t\t\t\t<div class=\"elementor-container elementor-column-gap-default\">\n\t\t\t\t\t<div class=\"elementor-column elementor-col-100 elementor-top-column elementor-element elementor-element-eddeeb0\" data-id=\"eddeeb0\" data-element_type=\"column\" data-e-type=\"column\">\n\t\t\t<div class=\"elementor-widget-wrap elementor-element-populated\">\n\t\t\t\t\t\t<div class=\"elementor-element elementor-element-fc75074 elementor-widget elementor-widget-text-editor\" data-id=\"fc75074\" data-element_type=\"widget\" data-e-type=\"widget\" data-widget_type=\"text-editor.default\">\n\t\t\t\t<div class=\"elementor-widget-container\">\n\t\t\t\t\t\t\t\t\t<p><span style=\"white-space: pre-wrap;\">The organic meat from animals bred at the farm that we serve our guests in different dishes is certainly something we are very proud of. Combining it with the produce of other exquisite local food growers, we create healthy meals and cater to the wellbeing of our guests.<\/span><\/p>\n\t\t\t\t\t\t\t\t<\/div>\n\t\t\t\t<\/div>\n\t\t\t\t\t<\/div>\n\t\t<\/div>\n\t\t\t\t\t<\/div>\n\t\t<\/section>\n\t\t\t\t<section class=\"elementor-section elementor-top-section elementor-element elementor-element-ad0398f elementor-section-full_width elementor-section-content-middle elementor-reverse-tablet elementor-section-height-default elementor-section-height-default\" data-id=\"ad0398f\" data-element_type=\"section\" data-e-type=\"section\">\n\t\t\t\t\t\t<div class=\"elementor-container elementor-column-gap-default\">\n\t\t\t\t\t<div class=\"elementor-column elementor-col-50 elementor-top-column elementor-element elementor-element-f3ec541\" data-id=\"f3ec541\" data-element_type=\"column\" data-e-type=\"column\" data-settings=\"{&quot;background_background&quot;:&quot;classic&quot;}\">\n\t\t\t<div class=\"elementor-widget-wrap elementor-element-populated\">\n\t\t\t\t\t\t<div class=\"elementor-element elementor-element-55d5f12 elementor-widget elementor-widget-spacer\" data-id=\"55d5f12\" data-element_type=\"widget\" data-e-type=\"widget\" data-widget_type=\"spacer.default\">\n\t\t\t\t<div class=\"elementor-widget-container\">\n\t\t\t\t\t\t\t<div class=\"elementor-spacer\">\n\t\t\t<div class=\"elementor-spacer-inner\"><\/div>\n\t\t<\/div>\n\t\t\t\t\t\t<\/div>\n\t\t\t\t<\/div>\n\t\t\t\t\t<\/div>\n\t\t<\/div>\n\t\t\t\t<div class=\"elementor-column elementor-col-50 elementor-top-column elementor-element elementor-element-302794d\" data-id=\"302794d\" data-element_type=\"column\" data-e-type=\"column\" data-settings=\"{&quot;background_background&quot;:&quot;classic&quot;}\">\n\t\t\t<div class=\"elementor-widget-wrap elementor-element-populated\">\n\t\t\t\t\t\t<div class=\"elementor-element elementor-element-bd502a2 elementor-widget elementor-widget-heading\" data-id=\"bd502a2\" data-element_type=\"widget\" data-e-type=\"widget\" data-widget_type=\"heading.default\">\n\t\t\t\t<div class=\"elementor-widget-container\">\n\t\t\t\t\t<h2 class=\"elementor-heading-title elementor-size-default\">What can you eat at Hudi\u010devec?<\/h2>\t\t\t\t<\/div>\n\t\t\t\t<\/div>\n\t\t\t\t<div class=\"elementor-element elementor-element-ea816e0 elementor-widget elementor-widget-text-editor\" data-id=\"ea816e0\" data-element_type=\"widget\" data-e-type=\"widget\" data-widget_type=\"text-editor.default\">\n\t\t\t\t<div class=\"elementor-widget-container\">\n\t\t\t\t\t\t\t\t\t<p>We have been baking bread in our brick oven according to the recipe of our Grandma Pavla for over 70 years. You can experience its enticing aroma yourself. Have you ever tried a lamb roast or horse meat? You won&#8217;t regret it. If you have any reservations, allergies or a special diet, we also prepare custom meals.<\/p>\n\t\t\t\t\t\t\t\t<\/div>\n\t\t\t\t<\/div>\n\t\t\t\t\t<\/div>\n\t\t<\/div>\n\t\t\t\t\t<\/div>\n\t\t<\/section>\n\t\t\t\t<section class=\"elementor-section elementor-top-section elementor-element elementor-element-9ee7231 elementor-section-full_width elementor-section-content-middle elementor-reverse-mobile elementor-section-height-default elementor-section-height-default\" data-id=\"9ee7231\" data-element_type=\"section\" data-e-type=\"section\">\n\t\t\t\t\t\t<div class=\"elementor-container elementor-column-gap-default\">\n\t\t\t\t\t<div class=\"elementor-column elementor-col-50 elementor-top-column elementor-element elementor-element-efee716\" data-id=\"efee716\" data-element_type=\"column\" data-e-type=\"column\" data-settings=\"{&quot;background_background&quot;:&quot;classic&quot;}\">\n\t\t\t<div class=\"elementor-widget-wrap elementor-element-populated\">\n\t\t\t\t\t\t<div class=\"elementor-element elementor-element-f9b2791 elementor-widget elementor-widget-heading\" data-id=\"f9b2791\" data-element_type=\"widget\" data-e-type=\"widget\" data-widget_type=\"heading.default\">\n\t\t\t\t<div class=\"elementor-widget-container\">\n\t\t\t\t\t<h2 class=\"elementor-heading-title elementor-size-default\">Wine and other beverages<\/h2>\t\t\t\t<\/div>\n\t\t\t\t<\/div>\n\t\t\t\t<div class=\"elementor-element elementor-element-493f5cb elementor-widget elementor-widget-text-editor\" data-id=\"493f5cb\" data-element_type=\"widget\" data-e-type=\"widget\" data-widget_type=\"text-editor.default\">\n\t\t\t\t<div class=\"elementor-widget-container\">\n\t\t\t\t\t\t\t\t\t<p>Wine makers in the Vipava Valley, the nearest wine region, make great use of the remarkable natural conditions for their magnificent wines. You can find some of them on our wine list.<\/p>\n<p>The beers we offer are also produced by microbreweries in the Vipava Valley.<\/p>\n\t\t\t\t\t\t\t\t<\/div>\n\t\t\t\t<\/div>\n\t\t\t\t\t<\/div>\n\t\t<\/div>\n\t\t\t\t<div class=\"elementor-column elementor-col-50 elementor-top-column elementor-element elementor-element-c3b666c\" data-id=\"c3b666c\" data-element_type=\"column\" data-e-type=\"column\" data-settings=\"{&quot;background_background&quot;:&quot;classic&quot;}\">\n\t\t\t<div class=\"elementor-widget-wrap elementor-element-populated\">\n\t\t\t\t\t\t<div class=\"elementor-element elementor-element-9f75898 elementor-widget elementor-widget-spacer\" data-id=\"9f75898\" data-element_type=\"widget\" data-e-type=\"widget\" data-widget_type=\"spacer.default\">\n\t\t\t\t<div class=\"elementor-widget-container\">\n\t\t\t\t\t\t\t<div class=\"elementor-spacer\">\n\t\t\t<div class=\"elementor-spacer-inner\"><\/div>\n\t\t<\/div>\n\t\t\t\t\t\t<\/div>\n\t\t\t\t<\/div>\n\t\t\t\t\t<\/div>\n\t\t<\/div>\n\t\t\t\t\t<\/div>\n\t\t<\/section>\n\t\t\t\t<section class=\"elementor-section elementor-top-section elementor-element elementor-element-7f3beb1 elementor-section-full_width elementor-section-content-middle elementor-reverse-tablet elementor-section-height-default elementor-section-height-default\" data-id=\"7f3beb1\" data-element_type=\"section\" data-e-type=\"section\">\n\t\t\t\t\t\t<div class=\"elementor-container elementor-column-gap-default\">\n\t\t\t\t\t<div class=\"elementor-column elementor-col-50 elementor-top-column elementor-element elementor-element-0da46c7\" data-id=\"0da46c7\" data-element_type=\"column\" data-e-type=\"column\" data-settings=\"{&quot;background_background&quot;:&quot;classic&quot;}\">\n\t\t\t<div class=\"elementor-widget-wrap elementor-element-populated\">\n\t\t\t\t\t\t<div class=\"elementor-element elementor-element-7bb3841 elementor-widget elementor-widget-spacer\" data-id=\"7bb3841\" data-element_type=\"widget\" data-e-type=\"widget\" data-widget_type=\"spacer.default\">\n\t\t\t\t<div class=\"elementor-widget-container\">\n\t\t\t\t\t\t\t<div class=\"elementor-spacer\">\n\t\t\t<div class=\"elementor-spacer-inner\"><\/div>\n\t\t<\/div>\n\t\t\t\t\t\t<\/div>\n\t\t\t\t<\/div>\n\t\t\t\t\t<\/div>\n\t\t<\/div>\n\t\t\t\t<div class=\"elementor-column elementor-col-50 elementor-top-column elementor-element elementor-element-a12ac9a\" data-id=\"a12ac9a\" data-element_type=\"column\" data-e-type=\"column\" data-settings=\"{&quot;background_background&quot;:&quot;classic&quot;}\">\n\t\t\t<div class=\"elementor-widget-wrap elementor-element-populated\">\n\t\t\t\t\t\t<div class=\"elementor-element elementor-element-478f2f3 elementor-widget elementor-widget-heading\" data-id=\"478f2f3\" data-element_type=\"widget\" data-e-type=\"widget\" data-widget_type=\"heading.default\">\n\t\t\t\t<div class=\"elementor-widget-container\">\n\t\t\t\t\t<h2 class=\"elementor-heading-title elementor-size-default\">We cook for larger groups with reservations<\/h2>\t\t\t\t<\/div>\n\t\t\t\t<\/div>\n\t\t\t\t<div class=\"elementor-element elementor-element-8d4b10d elementor-widget elementor-widget-text-editor\" data-id=\"8d4b10d\" data-element_type=\"widget\" data-e-type=\"widget\" data-widget_type=\"text-editor.default\">\n\t\t\t\t<div class=\"elementor-widget-container\">\n\t\t\t\t\t\t\t\t\t<p>We love to delight guests who understand and appreciate our work and effort with seasonal dishes at board breakfasts and dinners, at family gatherings, at birthday, confirmation or first communion celebrations and other occasions.<\/p>\n<p>Our large dining room is also suitable for work meetings, workshops and similar events.<\/p>\n\t\t\t\t\t\t\t\t<\/div>\n\t\t\t\t<\/div>\n\t\t\t\t\t<\/div>\n\t\t<\/div>\n\t\t\t\t\t<\/div>\n\t\t<\/section>\n\t\t\t\t<section class=\"elementor-section elementor-top-section elementor-element elementor-element-d2f2646 elementor-section-full_width elementor-section-height-default elementor-section-height-default\" data-id=\"d2f2646\" data-element_type=\"section\" data-e-type=\"section\" data-settings=\"{&quot;background_background&quot;:&quot;classic&quot;}\">\n\t\t\t\t\t\t<div class=\"elementor-container elementor-column-gap-default\">\n\t\t\t\t\t<div class=\"elementor-column elementor-col-100 elementor-top-column elementor-element elementor-element-a44fcaa\" data-id=\"a44fcaa\" data-element_type=\"column\" data-e-type=\"column\">\n\t\t\t<div class=\"elementor-widget-wrap elementor-element-populated\">\n\t\t\t\t\t\t<div class=\"elementor-element elementor-element-f76a497 elementor-widget elementor-widget-heading\" data-id=\"f76a497\" data-element_type=\"widget\" data-e-type=\"widget\" data-widget_type=\"heading.default\">\n\t\t\t\t<div class=\"elementor-widget-container\">\n\t\t\t\t\t<h3 class=\"elementor-heading-title elementor-size-default\"><a href=\"https:\/\/hudicevec.si\/kontakt\/\">TABLE RESERVATION <i class=\"fas fa-arrow-right\"><\/i><\/a><\/h3>\t\t\t\t<\/div>\n\t\t\t\t<\/div>\n\t\t\t\t\t<\/div>\n\t\t<\/div>\n\t\t\t\t\t<\/div>\n\t\t<\/section>\n\t\t\t\t<section class=\"elementor-section elementor-top-section elementor-element elementor-element-7036e3f elementor-section-boxed elementor-section-height-default elementor-section-height-default\" data-id=\"7036e3f\" data-element_type=\"section\" data-e-type=\"section\" data-settings=\"{&quot;background_background&quot;:&quot;classic&quot;}\">\n\t\t\t\t\t\t<div class=\"elementor-container elementor-column-gap-default\">\n\t\t\t\t\t<div class=\"elementor-column elementor-col-100 elementor-top-column elementor-element elementor-element-2aba03f\" data-id=\"2aba03f\" data-element_type=\"column\" data-e-type=\"column\">\n\t\t\t<div class=\"elementor-widget-wrap elementor-element-populated\">\n\t\t\t\t\t\t<div class=\"elementor-element elementor-element-65afce7 elementor-widget elementor-widget-heading\" data-id=\"65afce7\" data-element_type=\"widget\" data-e-type=\"widget\" data-widget_type=\"heading.default\">\n\t\t\t\t<div class=\"elementor-widget-container\">\n\t\t\t\t\t<h2 class=\"elementor-heading-title elementor-size-default\">You may also wish to take a look at ...<\/h2>\t\t\t\t<\/div>\n\t\t\t\t<\/div>\n\t\t\t\t<div class=\"elementor-element elementor-element-07c49a9 elementor-widget elementor-widget-text-editor\" data-id=\"07c49a9\" data-element_type=\"widget\" data-e-type=\"widget\" data-widget_type=\"text-editor.default\">\n\t\t\t\t<div class=\"elementor-widget-container\">\n\t\t\t\t\t\t\t\t\t<p><span style=\"white-space: pre-wrap;\">\/\/ Similar content that might interest you<\/span><\/p>\n\t\t\t\t\t\t\t\t<\/div>\n\t\t\t\t<\/div>\n\t\t\t\t\t<\/div>\n\t\t<\/div>\n\t\t\t\t\t<\/div>\n\t\t<\/section>\n\t\t\t\t<section class=\"elementor-section elementor-top-section elementor-element elementor-element-68337af elementor-section-boxed elementor-section-height-default elementor-section-height-default\" data-id=\"68337af\" data-element_type=\"section\" data-e-type=\"section\" data-settings=\"{&quot;background_background&quot;:&quot;classic&quot;}\">\n\t\t\t\t\t\t<div class=\"elementor-container elementor-column-gap-default\">\n\t\t\t\t\t<div class=\"elementor-column elementor-col-50 elementor-top-column elementor-element elementor-element-7413f43\" data-id=\"7413f43\" data-element_type=\"column\" data-e-type=\"column\">\n\t\t\t<div class=\"elementor-widget-wrap elementor-element-populated\">\n\t\t\t\t\t\t<div class=\"elementor-element elementor-element-ef9f222 elementor-flip-box--effect-fade elementor-widget elementor-widget-flip-box\" data-id=\"ef9f222\" data-element_type=\"widget\" data-e-type=\"widget\" data-widget_type=\"flip-box.default\">\n\t\t\t\t<div class=\"elementor-widget-container\">\n\t\t\t\t\t\t\t<div class=\"elementor-flip-box\" tabindex=\"0\">\n\t\t\t<div class=\"elementor-flip-box__layer elementor-flip-box__front\">\n\t\t\t\t<div class=\"elementor-flip-box__layer__overlay\">\n\t\t\t\t\t<div class=\"elementor-flip-box__layer__inner\">\n\t\t\t\t\t\t\n\t\t\t\t\t\t\t\t\t\t\t\t\t<h3 class=\"elementor-flip-box__layer__title\">\n\t\t\t\t\t\t\t\tAccommodation\t\t\t\t\t\t\t<\/h3>\n\t\t\t\t\t\t\n\t\t\t\t\t\t\t\t\t\t\t<\/div>\n\t\t\t\t<\/div>\n\t\t\t<\/div>\n\t\t\t<a class=\"elementor-flip-box__layer elementor-flip-box__back\" href=\"https:\/\/hudicevec.si\/en\/accommodation\/\">\n\t\t\t<div class=\"elementor-flip-box__layer__overlay\">\n\t\t\t\t<div class=\"elementor-flip-box__layer__inner\">\n\t\t\t\t\t\t\t\t\t\t\t<h3 class=\"elementor-flip-box__layer__title\">\n\t\t\t\t\t\t\tAccommodation\t\t\t\t\t\t<\/h3>\n\t\t\t\t\t\n\t\t\t\t\t\t\t\t\t\t\t<div class=\"elementor-flip-box__layer__description\">\n\t\t\t\t\t\t\tTake your time to explore Slovenia, and enjoy your home away from home at Hudi\u010devec while you do this.\t\t\t\t\t\t<\/div>\n\t\t\t\t\t\n\t\t\t\t\t\t\t\t\t\t\t<span class=\"elementor-flip-box__button elementor-button elementor-size-sm\">\n\t\t\t\t\t\t\tREAD MORE\t\t\t\t\t\t<\/span>\n\t\t\t\t\t\t\t\t<\/div>\n\t\t<\/div>\n\t\t<\/a>\n\t\t<\/div>\n\t\t\t\t\t\t<\/div>\n\t\t\t\t<\/div>\n\t\t\t\t\t<\/div>\n\t\t<\/div>\n\t\t\t\t<div class=\"elementor-column elementor-col-50 elementor-top-column elementor-element elementor-element-8dd4503\" data-id=\"8dd4503\" data-element_type=\"column\" data-e-type=\"column\">\n\t\t\t<div class=\"elementor-widget-wrap elementor-element-populated\">\n\t\t\t\t\t\t<div class=\"elementor-element elementor-element-adaae72 elementor-flip-box--effect-fade elementor-widget elementor-widget-flip-box\" data-id=\"adaae72\" data-element_type=\"widget\" data-e-type=\"widget\" data-widget_type=\"flip-box.default\">\n\t\t\t\t<div class=\"elementor-widget-container\">\n\t\t\t\t\t\t\t<div class=\"elementor-flip-box\" tabindex=\"0\">\n\t\t\t<div class=\"elementor-flip-box__layer elementor-flip-box__front\">\n\t\t\t\t<div class=\"elementor-flip-box__layer__overlay\">\n\t\t\t\t\t<div class=\"elementor-flip-box__layer__inner\">\n\t\t\t\t\t\t\n\t\t\t\t\t\t\t\t\t\t\t\t\t<h3 class=\"elementor-flip-box__layer__title\">\n\t\t\t\t\t\t\t\tActivities\t\t\t\t\t\t\t<\/h3>\n\t\t\t\t\t\t\n\t\t\t\t\t\t\t\t\t\t\t<\/div>\n\t\t\t\t<\/div>\n\t\t\t<\/div>\n\t\t\t<a class=\"elementor-flip-box__layer elementor-flip-box__back\" href=\"https:\/\/hudicevec.si\/aktivnosti\/\">\n\t\t\t<div class=\"elementor-flip-box__layer__overlay\">\n\t\t\t\t<div class=\"elementor-flip-box__layer__inner\">\n\t\t\t\t\t\t\t\t\t\t\t<h3 class=\"elementor-flip-box__layer__title\">\n\t\t\t\t\t\t\tActivities\t\t\t\t\t\t<\/h3>\n\t\t\t\t\t\n\t\t\t\t\t\t\t\t\t\t\t<div class=\"elementor-flip-box__layer__description\">\n\t\t\t\t\t\t\tAt Hudi\u010devec, we offer a wide range of activities suitable for all ages.\t\t\t\t\t\t<\/div>\n\t\t\t\t\t\n\t\t\t\t\t\t\t\t\t\t\t<span class=\"elementor-flip-box__button elementor-button elementor-size-sm\">\n\t\t\t\t\t\t\tREAD MORE\t\t\t\t\t\t<\/span>\n\t\t\t\t\t\t\t\t<\/div>\n\t\t<\/div>\n\t\t<\/a>\n\t\t<\/div>\n\t\t\t\t\t\t<\/div>\n\t\t\t\t<\/div>\n\t\t\t\t\t<\/div>\n\t\t<\/div>\n\t\t\t\t\t<\/div>\n\t\t<\/section>\n\t\t\t\t<\/div>\n\t\t","protected":false},"excerpt":{"rendered":"<p>The organic meat from animals bred at the farm that we serve our guests in different dishes is certainly something we are very proud of. Combining it with the produce of other exquisite local food growers, we create healthy meals and cater to the wellbeing of our guests. What can you eat at Hudi\u010devec? We [&hellip;]<\/p>\n","protected":false},"author":1,"featured_media":0,"parent":0,"menu_order":0,"comment_status":"closed","ping_status":"closed","template":"elementor_header_footer","meta":{"_acf_changed":false,"footnotes":""},"class_list":["post-976","page","type-page","status-publish","hentry"],"acf":[],"yoast_head":"<!-- This site is optimized with the Yoast SEO plugin v24.8.1 - https:\/\/yoast.com\/wordpress\/plugins\/seo\/ -->\n<title>Gastronomy - Hudi\u010devec<\/title>\n<meta name=\"robots\" content=\"index, follow, max-snippet:-1, max-image-preview:large, max-video-preview:-1\" \/>\n<link rel=\"canonical\" href=\"https:\/\/hudicevec.si\/en\/gastronomy\/\" \/>\n<meta property=\"og:locale\" content=\"en_US\" \/>\n<meta property=\"og:type\" content=\"article\" \/>\n<meta property=\"og:title\" content=\"Gastronomy - Hudi\u010devec\" \/>\n<meta property=\"og:description\" content=\"The organic meat from animals bred at the farm that we serve our guests in different dishes is certainly something we are very proud of. Combining it with the produce of other exquisite local food growers, we create healthy meals and cater to the wellbeing of our guests. What can you eat at Hudi\u010devec? We [&hellip;]\" \/>\n<meta property=\"og:url\" content=\"https:\/\/hudicevec.si\/en\/gastronomy\/\" \/>\n<meta property=\"og:site_name\" content=\"Hudi\u010devec\" \/>\n<meta property=\"article:publisher\" content=\"https:\/\/www.facebook.com\/Hudicevec\/\" \/>\n<meta property=\"article:modified_time\" content=\"2026-03-13T11:18:51+00:00\" \/>\n<meta name=\"twitter:card\" content=\"summary_large_image\" \/>\n<meta name=\"twitter:label1\" content=\"Est. reading time\" \/>\n\t<meta name=\"twitter:data1\" content=\"2 minutes\" \/>\n<script type=\"application\/ld+json\" class=\"yoast-schema-graph\">{\"@context\":\"https:\/\/schema.org\",\"@graph\":[{\"@type\":\"WebPage\",\"@id\":\"https:\/\/hudicevec.si\/en\/gastronomy\/\",\"url\":\"https:\/\/hudicevec.si\/en\/gastronomy\/\",\"name\":\"Gastronomy - Hudi\u010devec\",\"isPartOf\":{\"@id\":\"https:\/\/hudicevec.si\/en\/#website\"},\"datePublished\":\"2020-06-27T12:05:29+00:00\",\"dateModified\":\"2026-03-13T11:18:51+00:00\",\"breadcrumb\":{\"@id\":\"https:\/\/hudicevec.si\/en\/gastronomy\/#breadcrumb\"},\"inLanguage\":\"en-US\",\"potentialAction\":[{\"@type\":\"ReadAction\",\"target\":[\"https:\/\/hudicevec.si\/en\/gastronomy\/\"]}]},{\"@type\":\"BreadcrumbList\",\"@id\":\"https:\/\/hudicevec.si\/en\/gastronomy\/#breadcrumb\",\"itemListElement\":[{\"@type\":\"ListItem\",\"position\":1,\"name\":\"Home\",\"item\":\"https:\/\/hudicevec.si\/en\/\"},{\"@type\":\"ListItem\",\"position\":2,\"name\":\"Gastronomy\"}]},{\"@type\":\"WebSite\",\"@id\":\"https:\/\/hudicevec.si\/en\/#website\",\"url\":\"https:\/\/hudicevec.si\/en\/\",\"name\":\"Ekoturizem Hudi\u010devec\",\"description\":\"Dobrodo\u0161li na EkoTurizmu Hudi\u010devec!\",\"publisher\":{\"@id\":\"https:\/\/hudicevec.si\/en\/#organization\"},\"potentialAction\":[{\"@type\":\"SearchAction\",\"target\":{\"@type\":\"EntryPoint\",\"urlTemplate\":\"https:\/\/hudicevec.si\/en\/?s={search_term_string}\"},\"query-input\":{\"@type\":\"PropertyValueSpecification\",\"valueRequired\":true,\"valueName\":\"search_term_string\"}}],\"inLanguage\":\"en-US\"},{\"@type\":\"Organization\",\"@id\":\"https:\/\/hudicevec.si\/en\/#organization\",\"name\":\"EkoTurizem Hudi\u010devec\",\"url\":\"https:\/\/hudicevec.si\/en\/\",\"logo\":{\"@type\":\"ImageObject\",\"inLanguage\":\"en-US\",\"@id\":\"https:\/\/hudicevec.si\/en\/#\/schema\/logo\/image\/\",\"url\":\"https:\/\/hudicevec.si\/wp-content\/uploads\/2020\/05\/Logo_landscape-600.png\",\"contentUrl\":\"https:\/\/hudicevec.si\/wp-content\/uploads\/2020\/05\/Logo_landscape-600.png\",\"width\":600,\"height\":133,\"caption\":\"EkoTurizem Hudi\u010devec\"},\"image\":{\"@id\":\"https:\/\/hudicevec.si\/en\/#\/schema\/logo\/image\/\"},\"sameAs\":[\"https:\/\/www.facebook.com\/Hudicevec\/\",\"https:\/\/www.instagram.com\/ekoturizem_hudicevec\/\"]}]}<\/script>\n<!-- \/ Yoast SEO plugin. -->","yoast_head_json":{"title":"Gastronomy - Hudi\u010devec","robots":{"index":"index","follow":"follow","max-snippet":"max-snippet:-1","max-image-preview":"max-image-preview:large","max-video-preview":"max-video-preview:-1"},"canonical":"https:\/\/hudicevec.si\/en\/gastronomy\/","og_locale":"en_US","og_type":"article","og_title":"Gastronomy - Hudi\u010devec","og_description":"The organic meat from animals bred at the farm that we serve our guests in different dishes is certainly something we are very proud of. Combining it with the produce of other exquisite local food growers, we create healthy meals and cater to the wellbeing of our guests. What can you eat at Hudi\u010devec? We [&hellip;]","og_url":"https:\/\/hudicevec.si\/en\/gastronomy\/","og_site_name":"Hudi\u010devec","article_publisher":"https:\/\/www.facebook.com\/Hudicevec\/","article_modified_time":"2026-03-13T11:18:51+00:00","twitter_card":"summary_large_image","twitter_misc":{"Est. reading time":"2 minutes"},"schema":{"@context":"https:\/\/schema.org","@graph":[{"@type":"WebPage","@id":"https:\/\/hudicevec.si\/en\/gastronomy\/","url":"https:\/\/hudicevec.si\/en\/gastronomy\/","name":"Gastronomy - Hudi\u010devec","isPartOf":{"@id":"https:\/\/hudicevec.si\/en\/#website"},"datePublished":"2020-06-27T12:05:29+00:00","dateModified":"2026-03-13T11:18:51+00:00","breadcrumb":{"@id":"https:\/\/hudicevec.si\/en\/gastronomy\/#breadcrumb"},"inLanguage":"en-US","potentialAction":[{"@type":"ReadAction","target":["https:\/\/hudicevec.si\/en\/gastronomy\/"]}]},{"@type":"BreadcrumbList","@id":"https:\/\/hudicevec.si\/en\/gastronomy\/#breadcrumb","itemListElement":[{"@type":"ListItem","position":1,"name":"Home","item":"https:\/\/hudicevec.si\/en\/"},{"@type":"ListItem","position":2,"name":"Gastronomy"}]},{"@type":"WebSite","@id":"https:\/\/hudicevec.si\/en\/#website","url":"https:\/\/hudicevec.si\/en\/","name":"Ekoturizem Hudi\u010devec","description":"Dobrodo\u0161li na EkoTurizmu Hudi\u010devec!","publisher":{"@id":"https:\/\/hudicevec.si\/en\/#organization"},"potentialAction":[{"@type":"SearchAction","target":{"@type":"EntryPoint","urlTemplate":"https:\/\/hudicevec.si\/en\/?s={search_term_string}"},"query-input":{"@type":"PropertyValueSpecification","valueRequired":true,"valueName":"search_term_string"}}],"inLanguage":"en-US"},{"@type":"Organization","@id":"https:\/\/hudicevec.si\/en\/#organization","name":"EkoTurizem Hudi\u010devec","url":"https:\/\/hudicevec.si\/en\/","logo":{"@type":"ImageObject","inLanguage":"en-US","@id":"https:\/\/hudicevec.si\/en\/#\/schema\/logo\/image\/","url":"https:\/\/hudicevec.si\/wp-content\/uploads\/2020\/05\/Logo_landscape-600.png","contentUrl":"https:\/\/hudicevec.si\/wp-content\/uploads\/2020\/05\/Logo_landscape-600.png","width":600,"height":133,"caption":"EkoTurizem Hudi\u010devec"},"image":{"@id":"https:\/\/hudicevec.si\/en\/#\/schema\/logo\/image\/"},"sameAs":["https:\/\/www.facebook.com\/Hudicevec\/","https:\/\/www.instagram.com\/ekoturizem_hudicevec\/"]}]}},"_links":{"self":[{"href":"https:\/\/hudicevec.si\/en\/wp-json\/wp\/v2\/pages\/976","targetHints":{"allow":["GET"]}}],"collection":[{"href":"https:\/\/hudicevec.si\/en\/wp-json\/wp\/v2\/pages"}],"about":[{"href":"https:\/\/hudicevec.si\/en\/wp-json\/wp\/v2\/types\/page"}],"author":[{"embeddable":true,"href":"https:\/\/hudicevec.si\/en\/wp-json\/wp\/v2\/users\/1"}],"replies":[{"embeddable":true,"href":"https:\/\/hudicevec.si\/en\/wp-json\/wp\/v2\/comments?post=976"}],"version-history":[{"count":7,"href":"https:\/\/hudicevec.si\/en\/wp-json\/wp\/v2\/pages\/976\/revisions"}],"predecessor-version":[{"id":3350,"href":"https:\/\/hudicevec.si\/en\/wp-json\/wp\/v2\/pages\/976\/revisions\/3350"}],"wp:attachment":[{"href":"https:\/\/hudicevec.si\/en\/wp-json\/wp\/v2\/media?parent=976"}],"curies":[{"name":"wp","href":"https:\/\/api.w.org\/{rel}","templated":true}]}}